{"id":8758,"date":"2024-10-10T07:34:08","date_gmt":"2024-10-10T07:34:08","guid":{"rendered":"https:\/\/sublinemusic.de\/?page_id=8758"},"modified":"2024-10-18T04:42:08","modified_gmt":"2024-10-18T04:42:08","slug":"lou-wave-electro-music","status":"publish","type":"page","link":"https:\/\/sublinemusic.de\/index.php\/lou-wave-electro-music\/","title":{"rendered":"lou wave electro music 2024"},"content":{"rendered":"\n<iframe title=\"Spotify Embed: Think Different\" style=\"border-radius: 12px\" width=\"100%\" height=\"152\" frameborder=\"0\" allowfullscreen allow=\"autoplay; clipboard-write; encrypted-media; fullscreen; picture-in-picture\" loading=\"lazy\" src=\"https:\/\/open.spotify.com\/embed\/track\/4fr2PK8xYpdNqfAJx5maZM?si=mu2ZlU_lQZ68tv_N2N_fLQ&#038;utm_source=oembed\"><\/iframe>\n\n\n\n<figure class=\"wp-block-image size-large\"><img loading=\"lazy\" decoding=\"async\" width=\"1024\" height=\"963\" src=\"https:\/\/sublinemusic.de\/wp-content\/uploads\/2024\/10\/IMG_1912-1024x963.jpeg\" alt=\"\" class=\"wp-image-8765\" srcset=\"https:\/\/sublinemusic.de\/wp-content\/uploads\/2024\/10\/IMG_1912-1024x963.jpeg 1024w, https:\/\/sublinemusic.de\/wp-content\/uploads\/2024\/10\/IMG_1912-300x282.jpeg 300w, https:\/\/sublinemusic.de\/wp-content\/uploads\/2024\/10\/IMG_1912-768x722.jpeg 768w, https:\/\/sublinemusic.de\/wp-content\/uploads\/2024\/10\/IMG_1912-1536x1445.jpeg 1536w, https:\/\/sublinemusic.de\/wp-content\/uploads\/2024\/10\/IMG_1912-600x564.jpeg 600w, https:\/\/sublinemusic.de\/wp-content\/uploads\/2024\/10\/IMG_1912-64x60.jpeg 64w, https:\/\/sublinemusic.de\/wp-content\/uploads\/2024\/10\/IMG_1912-96x90.jpeg 96w, https:\/\/sublinemusic.de\/wp-content\/uploads\/2024\/10\/IMG_1912.jpeg 1651w\" sizes=\"auto, (max-width: 1024px) 100vw, 1024px\" \/><figcaption class=\"wp-element-caption\">Think Different<\/figcaption><\/figure>\n\n\n\n<p><strong>Lou Wave<\/strong> embodies the vibrant spirit of New Wave and electronic music, genres that emerged in the late 1970s and early 1980s. Known for his innovative use of the Korg Delta synthesizer and Dr. Rhythm drum machines, Lou Wave brings a refreshing blend of captivating melodies and thoughtful lyrics, creating a dynamic and expressive sound. His music reflects the essence of New Wave by combining modern technology with catchy rhythms and profound lyricism. By adding a futuristic, experimental touch, Lou Wave continues to inspire with his creative energy and melodic innovation, making him a timeless force in contemporary music.<\/p>\n\n\n\n<p><\/p>\n\n\n\n<p>Lou Wave verk\u00f6rpert den lebendigen Geist der New Wave und elektronischen Musik, Genres, die in den sp\u00e4ten 1970er und fr\u00fchen 1980er Jahren entstanden. Bekannt f\u00fcr seinen innovativen Einsatz von Synthesizern und Drum-Computern, bringt Lou Wave eine erfrischende Mischung aus mitrei\u00dfenden Melodien und nachdenklichen Texten und schafft so einen dynamischen und ausdrucksstarken Sound. Seine Musik spiegelt das Wesen der New Wave wider, indem er moderne Technologie mit eing\u00e4ngigen Rhythmen und tiefgr\u00fcndiger Lyrik vereint. Durch die Hinzuf\u00fcgung einer futuristischen, experimentellen Note inspiriert Lou Wave weiterhin mit kreativer Energie und melodischer Innovation, was ihn zu einer zeitlosen Kraft in der zeitgen\u00f6ssischen Musik macht.<\/p>\n\n\n\n<p><\/p>\n\n\n\n<p><\/p>\n\n\n\n<figure class=\"wp-block-embed is-type-rich is-provider-spotify wp-block-embed-spotify wp-embed-aspect-21-9 wp-has-aspect-ratio\"><div class=\"wp-block-embed__wrapper\">\n<iframe title=\"Spotify Embed: Lou Wave\" style=\"border-radius: 12px\" width=\"100%\" height=\"352\" frameborder=\"0\" allowfullscreen allow=\"autoplay; clipboard-write; encrypted-media; fullscreen; picture-in-picture\" loading=\"lazy\" src=\"https:\/\/open.spotify.com\/embed\/artist\/4qA37O3JWRFhhQjfdTfq1j?si=uXGa2y2qS5iwE55T6HcNvA&#038;utm_source=oembed\"><\/iframe>\n<\/div><\/figure>\n\n\n\n<figure class=\"wp-block-image size-large\"><img loading=\"lazy\" decoding=\"async\" width=\"550\" height=\"1024\" src=\"https:\/\/sublinemusic.de\/wp-content\/uploads\/2024\/10\/Filmsamstage-09NOV-550x1024.jpeg\" alt=\"\" class=\"wp-image-8783\" srcset=\"https:\/\/sublinemusic.de\/wp-content\/uploads\/2024\/10\/Filmsamstage-09NOV-550x1024.jpeg 550w, https:\/\/sublinemusic.de\/wp-content\/uploads\/2024\/10\/Filmsamstage-09NOV-161x300.jpeg 161w, https:\/\/sublinemusic.de\/wp-content\/uploads\/2024\/10\/Filmsamstage-09NOV-768x1431.jpeg 768w, https:\/\/sublinemusic.de\/wp-content\/uploads\/2024\/10\/Filmsamstage-09NOV-825x1536.jpeg 825w, https:\/\/sublinemusic.de\/wp-content\/uploads\/2024\/10\/Filmsamstage-09NOV-1099x2048.jpeg 1099w, https:\/\/sublinemusic.de\/wp-content\/uploads\/2024\/10\/Filmsamstage-09NOV-600x1118.jpeg 600w, https:\/\/sublinemusic.de\/wp-content\/uploads\/2024\/10\/Filmsamstage-09NOV-32x60.jpeg 32w, https:\/\/sublinemusic.de\/wp-content\/uploads\/2024\/10\/Filmsamstage-09NOV-48x90.jpeg 48w, https:\/\/sublinemusic.de\/wp-content\/uploads\/2024\/10\/Filmsamstage-09NOV-scaled.jpeg 1374w\" sizes=\"auto, (max-width: 550px) 100vw, 550px\" \/><\/figure>\n","protected":false},"excerpt":{"rendered":"<p>Lou Wave embodies the vibrant spirit of New Wave and electronic music, genres that emerged in the late 1970s and early 1980s. Known for his innovative use of the Korg Delta synthesizer and Dr. Rhythm drum machines, Lou Wave brings a refreshing blend of captivating melodies and thoughtful lyrics, creating a dynamic and expressive sound. [&hellip;]<\/p>\n","protected":false},"author":1,"featured_media":8765,"parent":0,"menu_order":0,"comment_status":"closed","ping_status":"closed","template":"","meta":{"footnotes":""},"class_list":["post-8758","page","type-page","status-publish","has-post-thumbnail","hentry"],"_links":{"self":[{"href":"https:\/\/sublinemusic.de\/index.php\/wp-json\/wp\/v2\/pages\/8758","targetHints":{"allow":["GET"]}}],"collection":[{"href":"https:\/\/sublinemusic.de\/index.php\/wp-json\/wp\/v2\/pages"}],"about":[{"href":"https:\/\/sublinemusic.de\/index.php\/wp-json\/wp\/v2\/types\/page"}],"author":[{"embeddable":true,"href":"https:\/\/sublinemusic.de\/index.php\/wp-json\/wp\/v2\/users\/1"}],"replies":[{"embeddable":true,"href":"https:\/\/sublinemusic.de\/index.php\/wp-json\/wp\/v2\/comments?post=8758"}],"version-history":[{"count":9,"href":"https:\/\/sublinemusic.de\/index.php\/wp-json\/wp\/v2\/pages\/8758\/revisions"}],"predecessor-version":[{"id":8823,"href":"https:\/\/sublinemusic.de\/index.php\/wp-json\/wp\/v2\/pages\/8758\/revisions\/8823"}],"wp:featuredmedia":[{"embeddable":true,"href":"https:\/\/sublinemusic.de\/index.php\/wp-json\/wp\/v2\/media\/8765"}],"wp:attachment":[{"href":"https:\/\/sublinemusic.de\/index.php\/wp-json\/wp\/v2\/media?parent=8758"}],"curies":[{"name":"wp","href":"https:\/\/api.w.org\/{rel}","templated":true}]}}